{"id":14,"date":"2009-10-16T12:52:02","date_gmt":"2009-10-16T10:52:02","guid":{"rendered":"http:\/\/www.judo-kaufbeuren.de\/newsBlog\/?page_id=14"},"modified":"2019-09-13T17:34:09","modified_gmt":"2019-09-13T15:34:09","slug":"zeitungsartikel","status":"publish","type":"page","link":"http:\/\/www.judo-kaufbeuren.de\/newsBlog\/?page_id=14","title":{"rendered":"News"},"content":{"rendered":"<div id=\"scid:F60BB8FA-6F02-4999-8F5E-9DD4E92C4DA7:8cf4d45c-89b7-4d21-80aa-759a784ff67a\" class=\"class\" style=\"float: none; padding-bottom: 0px; padding-top: 0px; padding-left: 0px; margin: 0px; display: inline; padding-right: 0px\">\n<div><a href=\"http:\/\/www.judo-kaufbeuren.de\/newsBlog\/wp-content\/uploads\/2013\/02\/image.png\"><img decoding=\"async\" loading=\"lazy\" title=\"image\" style=\"border-left-width: 0px; border-right-width: 0px; background-image: none; border-bottom-width: 0px; padding-top: 0px; padding-left: 0px; display: inline; padding-right: 0px; border-top-width: 0px\" alt=\"image\" src=\"http:\/\/www.judo-kaufbeuren.de\/newsBlog\/wp-content\/uploads\/2013\/02\/image_thumb.png\" width=\"88\" height=\"78\" border=\"0\"><\/a><a href=\"http:\/\/www.judo-kaufbeuren.de\/newsBlog\/wp-content\/uploads\/2013\/02\/image1.png\"><img decoding=\"async\" loading=\"lazy\" title=\"image\" style=\"border-left-width: 0px; border-right-width: 0px; background-image: none; border-bottom-width: 0px; padding-top: 0px; padding-left: 0px; display: inline; padding-right: 0px; border-top-width: 0px\" alt=\"image\" src=\"http:\/\/www.judo-kaufbeuren.de\/newsBlog\/wp-content\/uploads\/2013\/02\/image_thumb1.png\" width=\"88\" height=\"79\" border=\"0\"><\/a><a href=\"http:\/\/www.judo-kaufbeuren.de\/newsBlog\/wp-content\/uploads\/2013\/02\/image2.png\"><img decoding=\"async\" loading=\"lazy\" title=\"image\" style=\"border-left-width: 0px; border-right-width: 0px; background-image: none; border-bottom-width: 0px; padding-top: 0px; padding-left: 0px; display: inline; padding-right: 0px; border-top-width: 0px\" alt=\"image\" src=\"http:\/\/www.judo-kaufbeuren.de\/newsBlog\/wp-content\/uploads\/2013\/02\/image_thumb2.png\" width=\"92\" height=\"85\" border=\"0\"><\/a><\/div>\n<div>&nbsp;<\/div>\n<div>&nbsp;<\/div>\n<div>\n<div id=\"scid:F60BB8FA-6F02-4999-8F5E-9DD4E92C4DA7:1f811b9d-182b-4767-ad64-188917eb8e98\" class=\"wlWriterEditableSmartContent\" style=\"float: none; padding-bottom: 0px; padding-top: 0px; padding-left: 0px; margin: 0px; display: inline; padding-right: 0px\">\n<div><a href=\"http:\/\/www.judo-kaufbeuren.de\/newsBlog\/wp-content\/uploads\/2013\/02\/Schwbische.EM.U18.2013.pdf\" target=\"_self\" onclick=\"javascript: pageTracker._trackPageview('Schw\u00e4bische.EM.U18.2013.pdf');\" rel=\"noopener noreferrer\">Schw\u00e4bische EM U18 2013<\/a><\/div>\n<\/div>\n<\/div>\n<p><a onclick=\"javascript: pageTracker._trackPageview('S\u00fcdbayerische U18 2013');\" href=\"file:\/\/\/C:\/Users\/Hendrik\/AppData\/Local\/Temp\/WindowsLiveWriter1286139640\/supfilesC3CE0\/S\u00fcdbay.U18.2013.pdf\" target=\"_self\" rel=\"noopener noreferrer\">S\u00fcdbayerische U18 2013<\/a><\/p>\n<div id=\"scid:F60BB8FA-6F02-4999-8F5E-9DD4E92C4DA7:4838c2b6-836f-40b2-9452-c7909543db4e\" class=\"wlWriterEditableSmartContent\" style=\"float: none; padding-bottom: 0px; padding-top: 0px; padding-left: 0px; margin: 0px; display: inline; padding-right: 0px\">\n<div><a href=\"http:\/\/www.judo-kaufbeuren.de\/newsBlog\/wp-content\/uploads\/2013\/02\/Bayerische.EM.U18uSdbay.EM.U21.pdf\" target=\"_self\" onclick=\"javascript: pageTracker._trackPageview('Bayerische.EM.U18uS\u00fcdbay.EM.U21.pdf');\" rel=\"noopener noreferrer\">Bayerische EM U18 S\u00fcdbayerische EM U21<\/a><\/div>\n<\/div>\n<\/div>\n","protected":false},"excerpt":{"rendered":"<p>&nbsp; &nbsp; Schw\u00e4bische EM U18 2013 S\u00fcdbayerische U18 2013 Bayerische EM U18 S\u00fcdbayerische EM U21<\/p>\n","protected":false},"author":2,"featured_media":0,"parent":0,"menu_order":0,"comment_status":"closed","ping_status":"closed","template":"","meta":{"footnotes":""},"_links":{"self":[{"href":"http:\/\/www.judo-kaufbeuren.de\/newsBlog\/index.php?rest_route=\/wp\/v2\/pages\/14"}],"collection":[{"href":"http:\/\/www.judo-kaufbeuren.de\/newsBlog\/index.php?rest_route=\/wp\/v2\/pages"}],"about":[{"href":"http:\/\/www.judo-kaufbeuren.de\/newsBlog\/index.php?rest_route=\/wp\/v2\/types\/page"}],"author":[{"embeddable":true,"href":"http:\/\/www.judo-kaufbeuren.de\/newsBlog\/index.php?rest_route=\/wp\/v2\/users\/2"}],"replies":[{"embeddable":true,"href":"http:\/\/www.judo-kaufbeuren.de\/newsBlog\/index.php?rest_route=%2Fwp%2Fv2%2Fcomments&post=14"}],"version-history":[{"count":5,"href":"http:\/\/www.judo-kaufbeuren.de\/newsBlog\/index.php?rest_route=\/wp\/v2\/pages\/14\/revisions"}],"predecessor-version":[{"id":1917,"href":"http:\/\/www.judo-kaufbeuren.de\/newsBlog\/index.php?rest_route=\/wp\/v2\/pages\/14\/revisions\/1917"}],"wp:attachment":[{"href":"http:\/\/www.judo-kaufbeuren.de\/newsBlog\/index.php?rest_route=%2Fwp%2Fv2%2Fmedia&parent=14"}],"curies":[{"name":"wp","href":"https:\/\/api.w.org\/{rel}","templated":true}]}}