{"id":1792,"date":"2018-05-24T21:59:36","date_gmt":"2018-05-24T19:59:36","guid":{"rendered":"http:\/\/192.168.1.104\/wordpress\/?page_id=1625"},"modified":"2023-10-24T17:48:55","modified_gmt":"2023-10-24T15:48:55","slug":"anfahrt","status":"publish","type":"page","link":"http:\/\/www.judo-kaufbeuren.de\/newsBlog\/?page_id=1792","title":{"rendered":"Anfahrt"},"content":{"rendered":"<p><img decoding=\"async\" loading=\"lazy\" class=\"alignnone size-full wp-image-1659\" src=\"http:\/\/www.judo-kaufbeuren.de\/newsBlog\/wp-content\/uploads\/2019\/09\/anfahrt-1.jpg\" alt=\"\" width=\"931\" height=\"830\" \/><br \/>\nUnser Dojo befindet sich am T\u00e4nzelfestweg beim Jakob-Brucker-Gymnasium<br \/>\n(Einfahrt \u00fcber die Neugablonzer Stra\u00dfe, T\u00e4nzelfestweg 2)<\/p>\n","protected":false},"excerpt":{"rendered":"<p>Unser Dojo befindet sich am T\u00e4nzelfestweg beim Jakob-Brucker-Gymnasium (Einfahrt \u00fcber die Neugablonzer Stra\u00dfe, T\u00e4nzelfestweg 2)<\/p>\n","protected":false},"author":2,"featured_media":0,"parent":0,"menu_order":0,"comment_status":"closed","ping_status":"closed","template":"","meta":{"footnotes":""},"_links":{"self":[{"href":"http:\/\/www.judo-kaufbeuren.de\/newsBlog\/index.php?rest_route=\/wp\/v2\/pages\/1792"}],"collection":[{"href":"http:\/\/www.judo-kaufbeuren.de\/newsBlog\/index.php?rest_route=\/wp\/v2\/pages"}],"about":[{"href":"http:\/\/www.judo-kaufbeuren.de\/newsBlog\/index.php?rest_route=\/wp\/v2\/types\/page"}],"author":[{"embeddable":true,"href":"http:\/\/www.judo-kaufbeuren.de\/newsBlog\/index.php?rest_route=\/wp\/v2\/users\/2"}],"replies":[{"embeddable":true,"href":"http:\/\/www.judo-kaufbeuren.de\/newsBlog\/index.php?rest_route=%2Fwp%2Fv2%2Fcomments&post=1792"}],"version-history":[{"count":4,"href":"http:\/\/www.judo-kaufbeuren.de\/newsBlog\/index.php?rest_route=\/wp\/v2\/pages\/1792\/revisions"}],"predecessor-version":[{"id":2220,"href":"http:\/\/www.judo-kaufbeuren.de\/newsBlog\/index.php?rest_route=\/wp\/v2\/pages\/1792\/revisions\/2220"}],"wp:attachment":[{"href":"http:\/\/www.judo-kaufbeuren.de\/newsBlog\/index.php?rest_route=%2Fwp%2Fv2%2Fmedia&parent=1792"}],"curies":[{"name":"wp","href":"https:\/\/api.w.org\/{rel}","templated":true}]}}