{"id":1794,"date":"2018-05-24T21:57:18","date_gmt":"2018-05-24T19:57:18","guid":{"rendered":"http:\/\/192.168.1.104\/wordpress\/?page_id=1629"},"modified":"2018-05-24T21:57:18","modified_gmt":"2018-05-24T19:57:18","slug":"breitensport","status":"publish","type":"page","link":"http:\/\/www.judo-kaufbeuren.de\/newsBlog\/?page_id=1794","title":{"rendered":"Breitensport"},"content":{"rendered":"<h1 align=\"center\">Breitensportgruppe JUDO<\/h1>\n<p>Judo ist ein faszinierender und vielseitiger Sport. Wir treffen im Judoverein die unterschiedlichsten Leute und sto\u00dfen auf eine F\u00fclle von Motiven, die Menschen mit Judo verbinden: Spa\u00df am Zweikampf, Selbstschutz und Selbstverteidigung, Exotik und Fitness.<\/p>\n<h2>Judo als Breitensport<\/h2>\n<h2><b>Zielgruppen:<\/b><\/h2>\n<blockquote><p>Judo ist nicht nur Wettkampfsport, sondern spricht mit seinem reichhaltigen, abwechslungsreichen Training alle an, die sich f\u00fcr Bewegung und Fitness interessieren. Das k\u00f6nnen Jungendliche sein, die nicht unbedingt die K\u00e4mpfertypen sind, aber die Techniken des Judo lieben und sie trainieren wollen. Oder die \u201e\u00c4lteren\u201c, die sich fit halten wollen (kaum eine andere Sportart ist &#8211; wegen der Vielf\u00e4ltigkeit &#8211; daf\u00fcr mehr geeignet als Judo) oder weil sie Judoeltern sind und \u00fcber ihre Kinder Interesse am Judo gefunden haben. Und auch ehemalige Wettk\u00e4mpfer, die vielleicht eine Judopause eingelegt haben und den Sport wieder aus\u00fcben wollen, kommen zum Breitensport. Generell sind es alle, die Spa\u00df am Sport haben.<\/p><\/blockquote>\n<h2><b><span style=\"color: #000000;\">Ziele:<\/span><\/b><\/h2>\n<blockquote><p>Ein Leben lang gesund und fit sein, ist das gr\u00f6\u00dfte Ziel im Judo Breitensport. Der harte Wettkampf spielt eine untergeordnete Rolle, im Vordergrund stehen die Freude an der Bewegung und die Faszination, die der Judosport mit seiner Vielzahl von \u00e4sthetischen Techniken vermittelt.<\/p><\/blockquote>\n<h2><b><span style=\"color: #000000;\">Inhalte:<\/span><\/b><\/h2>\n<blockquote><p>Oberstes Prinzip im Judo Breitensport ist die Vielseitigkeit. Die folgende Liste an Inhalten, soll dieses Prinzip verdeutlichen:<\/p><\/blockquote>\n<ul>\n<li>Judotechnik (Stand, Boden, \u00dcberg\u00e4nge)<\/li>\n<li>Selbstverteidigung mit Judo, Selbstschutz<\/li>\n<li>Judo Kata (Verbindung mehrerer Judotechniken zu einer formvollen Einheit)<\/li>\n<li>Randori (Versuch, die erlernten Techniken im freien K\u00e4mpfen, also auch gegen einen gewissen Widerstand anzuwenden)<\/li>\n<li>Kondition, Ausdauer, Kraft, Schnelligkeit, Koordination<\/li>\n<li>Funktionsgymnastik (Vorbeugen gegen muskul\u00e4re Dysbalancen, Kr\u00e4ftigung usw.)<\/li>\n<li>Spiele mit und ohne B\u00e4lle<\/li>\n<li>Fitness-Check<\/li>\n<li>Einblicke in die Trainingssteuerung (z.B. Pulskontrolle) und Trainingsplanung<\/li>\n<li>M\u00f6glichkeit zur Teilnahme an G\u00fcrtelpr\u00fcfungen (ca. halbj\u00e4hrlich)<\/li>\n<li>M\u00f6glichkeit zur Teilnahme am Judosportabzeichen\/Richtig-Fit Tag<br \/>\n(enth\u00e4lt die Bereiche Kraftausdauer, Beweglichkeit\/Gewandtheit und Kreativit\u00e4t)<\/li>\n<li>Last but not least: GESELLIGKEIT<\/li>\n<\/ul>\n<table border=\"0\" cellspacing=\"0\" cellpadding=\"0\">\n<tbody>\n<tr>\n<td>\n<h2><b><span style=\"color: #000000;\">Trainingszeiten:<\/span><\/b><\/h2>\n<\/td>\n<td>Freitag 18.00 bis 19:30 Uhr<\/td>\n<\/tr>\n<\/tbody>\n<\/table>\n","protected":false},"excerpt":{"rendered":"<p>Breitensportgruppe JUDO Judo ist ein faszinierender und vielseitiger Sport. Wir treffen im Judoverein die unterschiedlichsten Leute und sto\u00dfen auf eine F\u00fclle von Motiven, die Menschen mit Judo verbinden: Spa\u00df am Zweikampf, Selbstschutz und Selbstverteidigung, Exotik und Fitness. Judo als Breitensport &hellip; <a href=\"http:\/\/www.judo-kaufbeuren.de\/newsBlog\/?page_id=1794\">Weiterlesen <span class=\"meta-nav\">&rarr;<\/span><\/a><\/p>\n","protected":false},"author":2,"featured_media":0,"parent":0,"menu_order":0,"comment_status":"closed","ping_status":"closed","template":"","meta":{"footnotes":""},"_links":{"self":[{"href":"http:\/\/www.judo-kaufbeuren.de\/newsBlog\/index.php?rest_route=\/wp\/v2\/pages\/1794"}],"collection":[{"href":"http:\/\/www.judo-kaufbeuren.de\/newsBlog\/index.php?rest_route=\/wp\/v2\/pages"}],"about":[{"href":"http:\/\/www.judo-kaufbeuren.de\/newsBlog\/index.php?rest_route=\/wp\/v2\/types\/page"}],"author":[{"embeddable":true,"href":"http:\/\/www.judo-kaufbeuren.de\/newsBlog\/index.php?rest_route=\/wp\/v2\/users\/2"}],"replies":[{"embeddable":true,"href":"http:\/\/www.judo-kaufbeuren.de\/newsBlog\/index.php?rest_route=%2Fwp%2Fv2%2Fcomments&post=1794"}],"version-history":[{"count":0,"href":"http:\/\/www.judo-kaufbeuren.de\/newsBlog\/index.php?rest_route=\/wp\/v2\/pages\/1794\/revisions"}],"wp:attachment":[{"href":"http:\/\/www.judo-kaufbeuren.de\/newsBlog\/index.php?rest_route=%2Fwp%2Fv2%2Fmedia&parent=1794"}],"curies":[{"name":"wp","href":"https:\/\/api.w.org\/{rel}","templated":true}]}}