{"id":1798,"date":"2018-08-28T15:25:15","date_gmt":"2018-08-28T13:25:15","guid":{"rendered":"http:\/\/192.168.1.104\/wordpress\/?page_id=1652"},"modified":"2018-08-28T15:25:15","modified_gmt":"2018-08-28T13:25:15","slug":"judo-werte","status":"publish","type":"page","link":"http:\/\/www.judo-kaufbeuren.de\/newsBlog\/?page_id=1798","title":{"rendered":"Judo-Werte"},"content":{"rendered":"<h1>Freundschaft<\/h1>\n<p>Die hier vorgestellten Werte helfen Dir nicht nur im Judo neue Freunde zu finden.<\/p>\n<h1>Ehrlichkeit<\/h1>\n<p>Handle und k\u00e4mpfe ehrlich und fair und ohne Hintergedanken.<\/p>\n<h1>Wertsch\u00e4tzung<\/h1>\n<p>Erkenne die Leistung eines jeden an, der sich seiner F\u00e4higkeiten entsprechend anstrengt.<\/p>\n<h1>Hilfsbereitschaft<\/h1>\n<p>Sei stets hilfsbereit, unterst\u00fctzt euren Trainingspartner beim Lernen und nimm dich Neulingen an, dass sie sich schnell in der Gruppe zurechtfinden.<\/p>\n<h1>Selbstbeherrschung<\/h1>\n<p>Sei p\u00fcnktlich und \u00fcbe Disziplin &#8211; im Wettkampf und im Leben. Verliere deine Selbstbeherrschung weder auf der Matte noch wenn du dich ungerecht behandelt f\u00fchlst.<\/p>\n<h1>Bescheidenheit<\/h1>\n<p>Stell dich nicht in den Mittelpunkt und erz\u00e4hle von deinen Erfolgen ohne \u00dcbertreibung. Strebe nach h\u00f6heren Zielen und suche dir Vorbilder, die dir dabei helfen k\u00f6nnen.<\/p>\n<h1>Ernsthaftigkeit<\/h1>\n<p>Konzentriere dich auf deine Aufgaben und entwickle eine positive Einstellung zum \u00fcben und \u00fcbe flei\u00dfig.<\/p>\n<h1>H\u00f6flichkeit<\/h1>\n<p>Behandle deinen Trainingspartner, Wettkampfgegner und Nachbarn wie einen Freund. Zeige deine Wertsch\u00e4tzung f\u00fcr jeden Judoka durch eine respektvolle Verbeugung.<\/p>\n<h1>Respekt<\/h1>\n<p>Behandle deine Mitmenschen mit Respekt. Sei H\u00f6flich im Umgang mit deinen Trainern und Judofreunden und erkenne ihre Leistungen an.<\/p>\n<h1>Mut<\/h1>\n<p>Sei mutig &#8211; im Randori, im Wettkampf und im normalen Leben. Gib nicht auch, auch wenn es scheint, dass du verlierst oder wenn dir ein starker Gegner gegen\u00fcbersteht.<\/p>\n","protected":false},"excerpt":{"rendered":"<p>Freundschaft Die hier vorgestellten Werte helfen Dir nicht nur im Judo neue Freunde zu finden. Ehrlichkeit Handle und k\u00e4mpfe ehrlich und fair und ohne Hintergedanken. Wertsch\u00e4tzung Erkenne die Leistung eines jeden an, der sich seiner F\u00e4higkeiten entsprechend anstrengt. Hilfsbereitschaft Sei &hellip; <a href=\"http:\/\/www.judo-kaufbeuren.de\/newsBlog\/?page_id=1798\">Weiterlesen <span class=\"meta-nav\">&rarr;<\/span><\/a><\/p>\n","protected":false},"author":2,"featured_media":0,"parent":0,"menu_order":0,"comment_status":"closed","ping_status":"closed","template":"","meta":{"footnotes":""},"_links":{"self":[{"href":"http:\/\/www.judo-kaufbeuren.de\/newsBlog\/index.php?rest_route=\/wp\/v2\/pages\/1798"}],"collection":[{"href":"http:\/\/www.judo-kaufbeuren.de\/newsBlog\/index.php?rest_route=\/wp\/v2\/pages"}],"about":[{"href":"http:\/\/www.judo-kaufbeuren.de\/newsBlog\/index.php?rest_route=\/wp\/v2\/types\/page"}],"author":[{"embeddable":true,"href":"http:\/\/www.judo-kaufbeuren.de\/newsBlog\/index.php?rest_route=\/wp\/v2\/users\/2"}],"replies":[{"embeddable":true,"href":"http:\/\/www.judo-kaufbeuren.de\/newsBlog\/index.php?rest_route=%2Fwp%2Fv2%2Fcomments&post=1798"}],"version-history":[{"count":0,"href":"http:\/\/www.judo-kaufbeuren.de\/newsBlog\/index.php?rest_route=\/wp\/v2\/pages\/1798\/revisions"}],"wp:attachment":[{"href":"http:\/\/www.judo-kaufbeuren.de\/newsBlog\/index.php?rest_route=%2Fwp%2Fv2%2Fmedia&parent=1798"}],"curies":[{"name":"wp","href":"https:\/\/api.w.org\/{rel}","templated":true}]}}