{"id":1933,"date":"2009-09-13T18:50:17","date_gmt":"2009-09-13T16:50:17","guid":{"rendered":"http:\/\/www.judo-kaufbeuren.de\/newsBlog\/?page_id=1933"},"modified":"2019-09-13T19:02:02","modified_gmt":"2019-09-13T17:02:02","slug":"impressum","status":"publish","type":"page","link":"http:\/\/www.judo-kaufbeuren.de\/newsBlog\/?page_id=1933","title":{"rendered":"Impressum"},"content":{"rendered":"<p>TV Kaufbeuren Abteilung Judo<br \/>\nDieter Zimmermann<br \/>\nRiedener Weg 14<br \/>\n87600 Kaufbeuren<br \/>\njudo-kaufbeuren@web.de<\/p>\n<p>Inhaltlicher Verantwortlicher gem\u00e4\u00df \u00a7 10 Absatz 3 MDStV: Dieter Zimmermann<\/p>\n<p>Haftungshinweis: Trotz sorgf\u00e4ltiger inhaltlicher Kontrolle \u00fcbernehmen wir keine Haftung f\u00fcr die Inhalte externer Links. F\u00fcr den Inhalt der verlinkten Seiten sind ausschlie\u00dflich deren Betreiber verantwortlich.<\/p>\n","protected":false},"excerpt":{"rendered":"<p>TV Kaufbeuren Abteilung Judo Dieter Zimmermann Riedener Weg 14 87600 Kaufbeuren judo-kaufbeuren@web.de Inhaltlicher Verantwortlicher gem\u00e4\u00df \u00a7 10 Absatz 3 MDStV: Dieter Zimmermann Haftungshinweis: Trotz sorgf\u00e4ltiger inhaltlicher Kontrolle \u00fcbernehmen wir keine Haftung f\u00fcr die Inhalte externer Links. F\u00fcr den Inhalt der &hellip; <a href=\"http:\/\/www.judo-kaufbeuren.de\/newsBlog\/?page_id=1933\">Weiterlesen <span class=\"meta-nav\">&rarr;<\/span><\/a><\/p>\n","protected":false},"author":1,"featured_media":0,"parent":0,"menu_order":0,"comment_status":"closed","ping_status":"closed","template":"","meta":{"footnotes":""},"_links":{"self":[{"href":"http:\/\/www.judo-kaufbeuren.de\/newsBlog\/index.php?rest_route=\/wp\/v2\/pages\/1933"}],"collection":[{"href":"http:\/\/www.judo-kaufbeuren.de\/newsBlog\/index.php?rest_route=\/wp\/v2\/pages"}],"about":[{"href":"http:\/\/www.judo-kaufbeuren.de\/newsBlog\/index.php?rest_route=\/wp\/v2\/types\/page"}],"author":[{"embeddable":true,"href":"http:\/\/www.judo-kaufbeuren.de\/newsBlog\/index.php?rest_route=\/wp\/v2\/users\/1"}],"replies":[{"embeddable":true,"href":"http:\/\/www.judo-kaufbeuren.de\/newsBlog\/index.php?rest_route=%2Fwp%2Fv2%2Fcomments&post=1933"}],"version-history":[{"count":1,"href":"http:\/\/www.judo-kaufbeuren.de\/newsBlog\/index.php?rest_route=\/wp\/v2\/pages\/1933\/revisions"}],"predecessor-version":[{"id":1936,"href":"http:\/\/www.judo-kaufbeuren.de\/newsBlog\/index.php?rest_route=\/wp\/v2\/pages\/1933\/revisions\/1936"}],"wp:attachment":[{"href":"http:\/\/www.judo-kaufbeuren.de\/newsBlog\/index.php?rest_route=%2Fwp%2Fv2%2Fmedia&parent=1933"}],"curies":[{"name":"wp","href":"https:\/\/api.w.org\/{rel}","templated":true}]}}